{"id":127,"date":"2013-03-25T18:35:33","date_gmt":"2013-03-25T17:35:33","guid":{"rendered":"http:\/\/forzaliberta.com\/blog\/?page_id=127"},"modified":"2014-02-07T17:18:39","modified_gmt":"2014-02-07T16:18:39","slug":"home","status":"publish","type":"page","link":"http:\/\/forzaliberta.com\/blog\/","title":{"rendered":"Home"},"content":{"rendered":"<div class=\"fcbkbttn_buttons_block\" id=\"fcbkbttn_left\"><div class=\"fcbkbttn_button\">\n                            <a href=\"https:\/\/www.facebook.com\/100094185773449\" target=\"_blank\">\n                                <img decoding=\"async\" src=\"http:\/\/forzaliberta.com\/blog\/wp-content\/plugins\/facebook-button-plugin\/images\/standard-facebook-ico.png\" alt=\"Fb-Button\" \/>\n                            <\/a>\n                        <\/div><div class=\"fcbkbttn_like \"><fb:like href=\"http:\/\/forzaliberta.com\/blog\/\" action=\"like\" colorscheme=\"light\" layout=\"standard\"  width=\"225px\" size=\"small\"><\/fb:like><\/div><div class=\"fb-share-button  \" data-href=\"http:\/\/forzaliberta.com\/blog\/\" data-type=\"button_count\" data-size=\"small\"><\/div><\/div><p>Dall&#8217;esortazione <b><i>Forza Libert\u00e0!<\/i><\/b> nasce il presente sito che si propone di fare chiarezza su cosa sia la Libert\u00e0 e allo stesso tempo cercher\u00e0 di rispondere alla domanda: cosa significa essere liberali e soprattutto chi pu\u00f2 a ragione definirsi tale?<\/p>\n<p><b><i>Antefatto su: Cos&#8217;\u00e8 la Libert\u00e0?<\/i><\/b><\/p>\n<p>Mai come adesso in Italia tutti dicono e scrivono di lottare per la Libert\u00e0\u2026 ma\u2026 attenzione\u2026 ognuno sembra depositario di una sua definizione e visione specifica di Libert\u00e0\u2026<\/p>\n<p>&#8230; e ci\u00f2 non \u00e8 una novit\u00e0&#8230;. un esempio eclatante che mi viene in mente? Dopo la Seconda Guerra Mondiale, nel periodo chiamato comunemente Guerra Fredda, i Marxisti definivano &#8220;Combattenti per la Libert\u00e0&#8221; coloro che aiutavano ad instaurare il marxismo&#8230;<\/p>\n<p>La motivazione di tutto ci\u00f2&#8230; \u00e8 in realt\u00e0 semplice da comprendere: la Libert\u00e0 \u00e8 una delle parole pi\u00f9 abusate al Mondo perch\u00e9 la Libert\u00e0 \u00e8 una parola attraente per tutti&#8230; (e in generale ognuno la cerca, se non espressamente contro un altro, se non proprio per s\u00e9, perlomeno non contro se stesso)<\/p>\n<p>Concludiamo questo antefatto citando la pi\u00f9 popolare delle definizioni: \u201c<em><span style=\"text-decoration: underline;\">La libert\u00e0 di una persona finisce dove inizia la libert\u00e0 di un\u2019altra<\/span><\/em>\u201d.<br \/>\nQuesta frase non \u00e8 solo la definizione di libert\u00e0, ma contiene in s\u00e9 anche gli anticorpi per rispondere a qualsiasi attacco venga dall\u2019esterno. La libert\u00e0 assoluta che gli anarchici chiedono, che se applicata porterebbe al ritorno della legge della giungla in cui il pi\u00f9 forte vince semplicemente perch\u00e9 pi\u00f9 forte e il pi\u00f9 debole soccombe, non \u00e8 vera libert\u00e0 e lo si evince dalla definizione data.<\/p>\n<p><b><i>Antefatto su: Cosa significa essere liberali e chi pu\u00f2 a ragione definirsi tale?<\/i><\/b><\/p>\n<p>In Italia la maggioranza dei professori universitari, dei giornalisti, dei politici\u2026 provenienti dalle pi\u00f9 disparate culture politiche, dice e scrive di essere liberale\u2026 e dice e scrive tutto ed il contrario di tutto\u2026 e tutto ed il contrario di tutto sembra diventare liberale\u2026 E costoro hanno anche ragione. Ragione teorica perch\u00e9 il Liberalismo non \u00e8 univoco, ma \u00e8 un insieme di dottrine definite in tempi ed in luoghi diversi durante gli ultimi secoli e cos\u00ec nascono le contraddizioni che non aiutano coloro che si professano Liberali.<br \/>\nSi pu\u00f2 essere liberisti e non libertari o libertari e non liberisti, c\u2019\u00e8 chi si definisce liberal-democratico, ci sono i liberali di destra e i liberali di sinistra. In generale se si escludono i comunisti duri e puri, tutti in Italia si definiscono pi\u00f9 o meno liberali. Chi, tra coloro che provengono da esperienze comuniste, ma che non si definiscono pi\u00f9 tali, non dice di essere anche liberale?<br \/>\nQuesto sito nasce per vedere se il Liberalismo pu\u00f2 essere non contraddittorio, univoco e pu\u00f2 aiutare il popolo in modo interclassista.<\/p>\n<p>Solo per farsi una iniziale e semplicistica idea della giungla sorta nei secoli nell\u2019Universo Liberale:<br \/>\n<a href=\"http:\/\/it.wikipedia.org\/wiki\/Liberalismo\" target=\"_blank\">http:\/\/it.wikipedia.org\/wiki\/Liberalismo<\/a><br \/>\n<a href=\"http:\/\/it.wikipedia.org\/wiki\/Liberalismo_sociale\" target=\"_blank\">http:\/\/it.wikipedia.org\/wiki\/Liberalismo_sociale<\/a><\/p>\n<p><b><i>Metodo che si cercher\u00e0 di usare nel sito<\/i><\/b><\/p>\n<p>In una tale situazione non si deve tentare di vincere l\u2019interlocutore con la propria abilit\u00e0 retorica. Penso che si debba ripartire dalle basi utilizzando il metodo socratico, metodo dialettico basato sul dialogo. Bisogna procedere eliminando le ipotesi contraddittorie o infondate che si \u00e8 abituati a considerare vere.<\/p>\n<p>Questo sito non si propone banalmente di &#8220;far leggere&#8221;&#8230;, ma di &#8220;far pensare&#8221;&#8230; per cui, premesso che sar\u00e0 sempre incentrato sulla Libert\u00e0, cercher\u00e0 di mai esaurire un argomento e continuamente chiederVi risposte proponendoVi domande.<\/p>\n<p>Scrivete i Vostri commenti e pensieri inerenti all&#8217;argomento trattato e rispondete alle domande proposte intervenendo direttamente nel sito. Altrimenti, se volete rispondere privatamente, potete scrivere direttamente a <strong>lucio@forzaliberta.com<\/strong> (in tal caso nulla di ci\u00f2 che scriverete sar\u00e0 visibile nel sito)<\/p>\n<p><strong>P.S.1<\/strong>: Al fondo di ogni scritto sono riportate una o pi\u00f9 parole chiave dette comunemente <strong>tag<\/strong>. Se articoli con un determinato tag accenderanno proficue discussioni, si prender\u00e0 in considerazione l&#8217;idea di trasformare quel tag in una categoria. Inizialmente le categorie sono solo due: <strong>Scritti<\/strong> con ovviamente tutti gli scritti del sito e <strong>Digressioni televisive o cinematografiche<\/strong> con riportati brevi dialoghi tratti da serie televisive o film (sempre tesi a stimolare ed accendere discussioni); I brevi dialoghi sono in entrambe le categorie.<\/p>\n<p><strong>P.S.2<\/strong>: Se volete elencare i libri che un \u201cbuon liberale\u201d dovrebbe aver letto o dovrebbe leggere, potete scrivere a <strong>lucio@forzaliberta.com<\/strong>. Se volete, potete anche scrivere un breve sunto o commento del libro e qualche notizia sull\u2019autore\u2026 Ricevuti abbastanza titoli di libri con sunti e commenti, verr\u00e0 aperta una apposta pagina in cui sar\u00e0 riportato ci\u00f2 che avete scritto unitamente al vostro nome.<\/p>\n<div class=\"twttr_buttons\"><div class=\"twttr_followme\">\n\t\t\t\t\t\t<a href=\"https:\/\/twitter.com\/@ForzaLiberta\" class=\"twitter-follow-button\" data-show-count=\"false\" data-size=\"default\"  data-show-screen-name=\"false\"  target=\"_blank\">Follow me<\/a>\n\t\t\t\t\t<\/div><\/div>\n","protected":false},"excerpt":{"rendered":"<p>Dall&#8217;esortazione Forza Libert\u00e0! nasce il presente sito che si propone di fare chiarezza su cosa sia la Libert\u00e0 e allo stesso tempo cercher\u00e0 di rispondere alla domanda: cosa significa essere liberali e soprattutto chi pu\u00f2 a ragione definirsi tale? Antefatto &hellip; <a href=\"http:\/\/forzaliberta.com\/blog\/\">Continua a leggere<span class=\"meta-nav\">&rarr;<\/span><\/a><\/p>\n","protected":false},"author":1,"featured_media":0,"parent":0,"menu_order":0,"comment_status":"open","ping_status":"open","template":"","meta":{"footnotes":""},"class_list":["post-127","page","type-page","status-publish","hentry"],"_links":{"self":[{"href":"http:\/\/forzaliberta.com\/blog\/wp-json\/wp\/v2\/pages\/127","targetHints":{"allow":["GET"]}}],"collection":[{"href":"http:\/\/forzaliberta.com\/blog\/wp-json\/wp\/v2\/pages"}],"about":[{"href":"http:\/\/forzaliberta.com\/blog\/wp-json\/wp\/v2\/types\/page"}],"author":[{"embeddable":true,"href":"http:\/\/forzaliberta.com\/blog\/wp-json\/wp\/v2\/users\/1"}],"replies":[{"embeddable":true,"href":"http:\/\/forzaliberta.com\/blog\/wp-json\/wp\/v2\/comments?post=127"}],"version-history":[{"count":5,"href":"http:\/\/forzaliberta.com\/blog\/wp-json\/wp\/v2\/pages\/127\/revisions"}],"predecessor-version":[{"id":1353,"href":"http:\/\/forzaliberta.com\/blog\/wp-json\/wp\/v2\/pages\/127\/revisions\/1353"}],"wp:attachment":[{"href":"http:\/\/forzaliberta.com\/blog\/wp-json\/wp\/v2\/media?parent=127"}],"curies":[{"name":"wp","href":"https:\/\/api.w.org\/{rel}","templated":true}]}}